{"id":49,"date":"2022-08-18T11:05:50","date_gmt":"2022-08-18T09:05:50","guid":{"rendered":"https:\/\/dataconingenieria.com\/?page_id=49"},"modified":"2025-07-16T13:27:30","modified_gmt":"2025-07-16T11:27:30","slug":"quienes-somos","status":"publish","type":"page","link":"https:\/\/dataconingenieria.com\/index.php\/quienes-somos\/","title":{"rendered":"\u00bfQui\u00e9nes somos?"},"content":{"rendered":"\n<figure class=\"wp-block-image alignfull size-full\"><img fetchpriority=\"high\" decoding=\"async\" width=\"2128\" height=\"788\" src=\"https:\/\/dataconingenieria.com\/wp-content\/uploads\/2025\/06\/Banner-3.jpg\" alt=\"\" class=\"wp-image-626\" srcset=\"https:\/\/dataconingenieria.com\/wp-content\/uploads\/2025\/06\/Banner-3.jpg 2128w, https:\/\/dataconingenieria.com\/wp-content\/uploads\/2025\/06\/Banner-3-300x111.jpg 300w, https:\/\/dataconingenieria.com\/wp-content\/uploads\/2025\/06\/Banner-3-1024x379.jpg 1024w, https:\/\/dataconingenieria.com\/wp-content\/uploads\/2025\/06\/Banner-3-768x284.jpg 768w, https:\/\/dataconingenieria.com\/wp-content\/uploads\/2025\/06\/Banner-3-1536x569.jpg 1536w, https:\/\/dataconingenieria.com\/wp-content\/uploads\/2025\/06\/Banner-3-2048x758.jpg 2048w, https:\/\/dataconingenieria.com\/wp-content\/uploads\/2025\/06\/Banner-3-600x222.jpg 600w, https:\/\/dataconingenieria.com\/wp-content\/uploads\/2025\/06\/Banner-3-1200x444.jpg 1200w, https:\/\/dataconingenieria.com\/wp-content\/uploads\/2025\/06\/Banner-3-228x84.jpg 228w\" sizes=\"(max-width: 2128px) 100vw, 2128px\" \/><\/figure>\n\n\n\n<div style=\"height:42px\" aria-hidden=\"true\" class=\"wp-block-spacer\"><\/div>\n\n\n\n<div class=\"wp-block-columns alignwide is-layout-flex wp-container-core-columns-is-layout-28f84493 wp-block-columns-is-layout-flex\">\n<div class=\"wp-block-column is-layout-flow wp-block-column-is-layout-flow\" style=\"flex-basis:100%\">\n<p class=\"has-background\" style=\"background-color:#dfe5fe\"><em>En 2013, y con la experiencia adquirida en los a\u00f1os anteriores, nace DATACON Ingenier\u00eda de Construcci\u00f3n. Desde sus comienzos, la empresa combin\u00f3 la realizaci\u00f3n de obra privada con la ejecuci\u00f3n de contratos de obras para la Administraci\u00f3n.<br><br>El equipo se ha ido formando y creciendo hasta contar con mas de 100 trabajadores, que aportan una gran experiencia y fiabilidad a cada uno de nuestros proyectos. <br><br>Como si de una telara\u00f1a se tratara, DATACON INGENIERIA va ampliando sus hilos en todo el territorio, realizando multitud de construcciones para diferentes ayuntamientos, diputaciones y dem\u00e1s organismos territoriales, consiguiendo as\u00ed ampliar sus objetivos, y perseguir metas cada vez m\u00e1s ambiciosas.<br><br>Nos apasiona la transformaci\u00f3n del entorno para el bienestar humano, siempre comprometidos con las necesidades reales de nuestros clientes y con el medio ambiente.<br><br>Aqu\u00ed en DATACON, somos un equipo y como tal ponemos en com\u00fan todo para tener diferentes puntos de vista y sobre todo para compartir la experiencia.<\/em><\/p>\n<\/div>\n<\/div>\n\n\n\n<div class=\"wp-block-group alignwide is-layout-flow wp-block-group-is-layout-flow\" style=\"padding-top:2em;padding-right:2em;padding-bottom:2em;padding-left:2em\">\n<p style=\"font-size:clamp(22.041px, 1.378rem + ((1vw - 3.2px) * 1.454), 36px);line-height:1.2\"><strong>MISI\u00d3N<\/strong><\/p>\n\n\n\n<p class=\"has-extra-small-font-size\">Nos apasiona la transformaci\u00f3n del entorno para el bienestar humano, siempre comprometidos con las necesidades reales de nuestros clientes y con el medio ambiente.<br><br>Si tuvi\u00e9ramos una frase para definirnos quiz\u00e1 ser\u00eda <em>\u201cLa grandeza no consiste en una posici\u00f3n destacada, la grandeza pertenece al que rechaza esa posici\u00f3n, para llegar a lo m\u00e1s alto, debemos ser humildes\u201d<\/em>.<br><br>Nos adaptamos siempre a nuestros clientes, para hacer las cosas bien, primero tenemos que empatizar y conocer al que est\u00e1 sentado al otro lado de la silla y sobre eso tallar el proyecto conjuntamente para dar el mejor resultado posible.<br><br>Aqu\u00ed en DATACON, somos un equipo y como tal ponemos en com\u00fan todo para tener diferentes puntos de vista y sobre todo para compartir la experiencia.<\/p>\n<\/div>\n\n\n\n<hr class=\"wp-block-separator alignwide has-alpha-channel-opacity\"\/>\n\n\n\n<div class=\"wp-block-group alignwide is-layout-flow wp-block-group-is-layout-flow\" style=\"padding-top:2em;padding-right:2em;padding-bottom:2em;padding-left:2em\">\n<p class=\"has-text-align-left\" style=\"font-size:clamp(22.041px, 1.378rem + ((1vw - 3.2px) * 1.454), 36px);line-height:1.2\"><strong>VISI\u00d3N<\/strong><\/p>\n\n\n\n<p class=\"has-text-align-left has-extra-small-font-size\">En el \u00e1mbito privado, nos hemos dedicado a la ejecuci\u00f3n tanto de obra nueva como de reformas en viviendas, oficinas, cl\u00ednicas, escuelas, naves industriales, centros comerciales como el Primark de Sevilla, ya finalizada la obra o actualmente el Aeropuerto de M\u00e1laga, Primark de Bilbao, Vigo, conjunto de viviendas en La Costa del Sol.<br><br>Seguimos actualiz\u00e1ndonos cada d\u00eda con nuevas herramientas en el \u00e1mbito tecnol\u00f3gico tanto material como humano. Si nos preguntaran c\u00f3mo o d\u00f3nde nos vemos en el futuro, simplemente dir\u00edamos que con seguir mejorando, avanzando y manteniendo la forma en la que hacemos las cosas, seguiremos sin duda alguna aqu\u00ed.<br><br>Usando nuestra jerga, al igual que una de nuestras m\u00e1quinas, tenemos que estar bien engrasados y alimentados para que esta siga funcionando y trabajando al 100%.<\/p>\n\n\n\n<p class=\"has-extra-small-font-size\"><\/p>\n<\/div>\n\n\n\n<hr class=\"wp-block-separator alignwide has-alpha-channel-opacity\"\/>\n\n\n\n<div class=\"wp-block-group alignwide is-layout-flow wp-block-group-is-layout-flow\" style=\"padding-top:2em;padding-right:2em;padding-bottom:2em;padding-left:2em\">\n<p style=\"font-size:clamp(22.041px, 1.378rem + ((1vw - 3.2px) * 1.454), 36px);line-height:1.2\"><strong>VALORES<\/strong><\/p>\n\n\n\n<p class=\"has-extra-small-font-size\">Como dijo Peter Drucker: &#8211;<em>\u201cGesti\u00f3n es hacer las cosas bien, liderazgo es hacer las cosas\u201d<\/em>.<br>Por eso sabemos que ante todo tenemos que tener unos valores y llevarlos siempre por delante para no olvidar quienes somos.<\/p>\n\n\n\n<p class=\"has-extra-small-font-size\"><br><strong>HONESTIDAD<\/strong>: somos honestos tanto con el cliente como con el equipo con el que trabajamos.<br><strong>INTEGRIDAD<\/strong>: somos congruentes en lo que decimos y hacemos.<br><strong>COMPROMISO<\/strong>: siempre respondemos por nuestro trabajo tratando de ofrecer el mejor servicio a nuestros clientes.<br><strong>RESPETO<\/strong>: nos comportamos de acuerdo a las buenas pr\u00e1cticas profesionales y ofrecemos un trato digno y respetuoso.<br><strong>CONFIANZA<\/strong>: tratamos de ser lo m\u00e1s cercano posible y transmitir plena confianza con y para el cliente.<\/p>\n\n\n\n<div style=\"height:42px\" aria-hidden=\"true\" class=\"wp-block-spacer\"><\/div>\n<\/div>\n\n\n\n<p><\/p>\n","protected":false},"excerpt":{"rendered":"<p>En 2013, y con la experiencia adquirida en los a\u00f1os anteriores, nace DATACON Ingenier\u00eda de Construcci\u00f3n. Desde sus comienzos, la empresa combin\u00f3 la realizaci\u00f3n de obra privada con la ejecuci\u00f3n de contratos de obras para la Administraci\u00f3n. El equipo se ha ido formando y creciendo hasta contar con mas de 100 trabajadores, que aportan una [&hellip;]<\/p>\n","protected":false},"author":1,"featured_media":0,"parent":0,"menu_order":0,"comment_status":"closed","ping_status":"closed","template":"","meta":{"footnotes":""},"class_list":["post-49","page","type-page","status-publish","hentry"],"yoast_head":"<!-- This site is optimized with the Yoast SEO plugin v27.4 - https:\/\/yoast.com\/product\/yoast-seo-wordpress\/ -->\n<title>Sobre Nosotros<\/title>\n<meta name=\"description\" content=\"\u00bfQui\u00e9nes somos?En 2013, nace DATACON Ingenier\u00eda de Construcci\u00f3n. La empresa combin\u00f3 la realizaci\u00f3n de obra privada con obras publicas\" \/>\n<meta name=\"robots\" content=\"index, follow, max-snippet:-1, max-image-preview:large, max-video-preview:-1\" \/>\n<link rel=\"canonical\" href=\"https:\/\/dataconingenieria.com\/index.php\/quienes-somos\/\" \/>\n<meta property=\"og:locale\" content=\"es_ES\" \/>\n<meta property=\"og:type\" content=\"article\" \/>\n<meta property=\"og:title\" content=\"Sobre Nosotros\" \/>\n<meta property=\"og:description\" content=\"\u00bfQui\u00e9nes somos?En 2013, nace DATACON Ingenier\u00eda de Construcci\u00f3n. La empresa combin\u00f3 la realizaci\u00f3n de obra privada con obras publicas\" \/>\n<meta property=\"og:url\" content=\"https:\/\/dataconingenieria.com\/index.php\/quienes-somos\/\" \/>\n<meta property=\"og:site_name\" content=\"Datacon - Ingenier\u00eda de Construcci\u00f3n\" \/>\n<meta property=\"article:publisher\" content=\"https:\/\/www.facebook.com\/profile.php?id=100008873568400\" \/>\n<meta property=\"article:modified_time\" content=\"2025-07-16T11:27:30+00:00\" \/>\n<meta property=\"og:image\" content=\"https:\/\/dataconingenieria.com\/wp-content\/uploads\/2025\/06\/Banner-3.jpg\" \/>\n\t<meta property=\"og:image:width\" content=\"2128\" \/>\n\t<meta property=\"og:image:height\" content=\"788\" \/>\n\t<meta property=\"og:image:type\" content=\"image\/jpeg\" \/>\n<meta name=\"twitter:card\" content=\"summary_large_image\" \/>\n<meta name=\"twitter:label1\" content=\"Tiempo de lectura\" \/>\n\t<meta name=\"twitter:data1\" content=\"3 minutos\" \/>\n<script type=\"application\/ld+json\" class=\"yoast-schema-graph\">{\"@context\":\"https:\\\/\\\/schema.org\",\"@graph\":[{\"@type\":\"WebPage\",\"@id\":\"https:\\\/\\\/dataconingenieria.com\\\/index.php\\\/quienes-somos\\\/\",\"url\":\"https:\\\/\\\/dataconingenieria.com\\\/index.php\\\/quienes-somos\\\/\",\"name\":\"Sobre Nosotros\",\"isPartOf\":{\"@id\":\"https:\\\/\\\/dataconingenieria.com\\\/#website\"},\"primaryImageOfPage\":{\"@id\":\"https:\\\/\\\/dataconingenieria.com\\\/index.php\\\/quienes-somos\\\/#primaryimage\"},\"image\":{\"@id\":\"https:\\\/\\\/dataconingenieria.com\\\/index.php\\\/quienes-somos\\\/#primaryimage\"},\"thumbnailUrl\":\"https:\\\/\\\/dataconingenieria.com\\\/wp-content\\\/uploads\\\/2025\\\/06\\\/Banner-3.jpg\",\"datePublished\":\"2022-08-18T09:05:50+00:00\",\"dateModified\":\"2025-07-16T11:27:30+00:00\",\"description\":\"\u00bfQui\u00e9nes somos?En 2013, nace DATACON Ingenier\u00eda de Construcci\u00f3n. La empresa combin\u00f3 la realizaci\u00f3n de obra privada con obras publicas\",\"breadcrumb\":{\"@id\":\"https:\\\/\\\/dataconingenieria.com\\\/index.php\\\/quienes-somos\\\/#breadcrumb\"},\"inLanguage\":\"es\",\"potentialAction\":[{\"@type\":\"ReadAction\",\"target\":[\"https:\\\/\\\/dataconingenieria.com\\\/index.php\\\/quienes-somos\\\/\"]}]},{\"@type\":\"ImageObject\",\"inLanguage\":\"es\",\"@id\":\"https:\\\/\\\/dataconingenieria.com\\\/index.php\\\/quienes-somos\\\/#primaryimage\",\"url\":\"https:\\\/\\\/dataconingenieria.com\\\/wp-content\\\/uploads\\\/2025\\\/06\\\/Banner-3.jpg\",\"contentUrl\":\"https:\\\/\\\/dataconingenieria.com\\\/wp-content\\\/uploads\\\/2025\\\/06\\\/Banner-3.jpg\",\"width\":2128,\"height\":788},{\"@type\":\"BreadcrumbList\",\"@id\":\"https:\\\/\\\/dataconingenieria.com\\\/index.php\\\/quienes-somos\\\/#breadcrumb\",\"itemListElement\":[{\"@type\":\"ListItem\",\"position\":1,\"name\":\"Portada\",\"item\":\"https:\\\/\\\/dataconingenieria.com\\\/\"},{\"@type\":\"ListItem\",\"position\":2,\"name\":\"\u00bfQui\u00e9nes somos?\"}]},{\"@type\":\"WebSite\",\"@id\":\"https:\\\/\\\/dataconingenieria.com\\\/#website\",\"url\":\"https:\\\/\\\/dataconingenieria.com\\\/\",\"name\":\"Datacon - Ingenier\u00eda de Construcci\u00f3n\",\"description\":\"Constructora especializada en ingenier\u00eda civil\",\"publisher\":{\"@id\":\"https:\\\/\\\/dataconingenieria.com\\\/#organization\"},\"potentialAction\":[{\"@type\":\"SearchAction\",\"target\":{\"@type\":\"EntryPoint\",\"urlTemplate\":\"https:\\\/\\\/dataconingenieria.com\\\/?s={search_term_string}\"},\"query-input\":{\"@type\":\"PropertyValueSpecification\",\"valueRequired\":true,\"valueName\":\"search_term_string\"}}],\"inLanguage\":\"es\"},{\"@type\":\"Organization\",\"@id\":\"https:\\\/\\\/dataconingenieria.com\\\/#organization\",\"name\":\"Datacon - Ingenier\u00eda de Construcci\u00f3n\",\"url\":\"https:\\\/\\\/dataconingenieria.com\\\/\",\"logo\":{\"@type\":\"ImageObject\",\"inLanguage\":\"es\",\"@id\":\"https:\\\/\\\/dataconingenieria.com\\\/#\\\/schema\\\/logo\\\/image\\\/\",\"url\":\"https:\\\/\\\/dataconingenieria.com\\\/wp-content\\\/uploads\\\/2024\\\/12\\\/Logo-DATA-sin-fondo-1.png\",\"contentUrl\":\"https:\\\/\\\/dataconingenieria.com\\\/wp-content\\\/uploads\\\/2024\\\/12\\\/Logo-DATA-sin-fondo-1.png\",\"width\":250,\"height\":100,\"caption\":\"Datacon - Ingenier\u00eda de Construcci\u00f3n\"},\"image\":{\"@id\":\"https:\\\/\\\/dataconingenieria.com\\\/#\\\/schema\\\/logo\\\/image\\\/\"},\"sameAs\":[\"https:\\\/\\\/www.facebook.com\\\/profile.php?id=100008873568400\"]}]}<\/script>\n<!-- \/ Yoast SEO plugin. -->","yoast_head_json":{"title":"Sobre Nosotros","description":"\u00bfQui\u00e9nes somos?En 2013, nace DATACON Ingenier\u00eda de Construcci\u00f3n. La empresa combin\u00f3 la realizaci\u00f3n de obra privada con obras publicas","robots":{"index":"index","follow":"follow","max-snippet":"max-snippet:-1","max-image-preview":"max-image-preview:large","max-video-preview":"max-video-preview:-1"},"canonical":"https:\/\/dataconingenieria.com\/index.php\/quienes-somos\/","og_locale":"es_ES","og_type":"article","og_title":"Sobre Nosotros","og_description":"\u00bfQui\u00e9nes somos?En 2013, nace DATACON Ingenier\u00eda de Construcci\u00f3n. La empresa combin\u00f3 la realizaci\u00f3n de obra privada con obras publicas","og_url":"https:\/\/dataconingenieria.com\/index.php\/quienes-somos\/","og_site_name":"Datacon - Ingenier\u00eda de Construcci\u00f3n","article_publisher":"https:\/\/www.facebook.com\/profile.php?id=100008873568400","article_modified_time":"2025-07-16T11:27:30+00:00","og_image":[{"width":2128,"height":788,"url":"https:\/\/dataconingenieria.com\/wp-content\/uploads\/2025\/06\/Banner-3.jpg","type":"image\/jpeg"}],"twitter_card":"summary_large_image","twitter_misc":{"Tiempo de lectura":"3 minutos"},"schema":{"@context":"https:\/\/schema.org","@graph":[{"@type":"WebPage","@id":"https:\/\/dataconingenieria.com\/index.php\/quienes-somos\/","url":"https:\/\/dataconingenieria.com\/index.php\/quienes-somos\/","name":"Sobre Nosotros","isPartOf":{"@id":"https:\/\/dataconingenieria.com\/#website"},"primaryImageOfPage":{"@id":"https:\/\/dataconingenieria.com\/index.php\/quienes-somos\/#primaryimage"},"image":{"@id":"https:\/\/dataconingenieria.com\/index.php\/quienes-somos\/#primaryimage"},"thumbnailUrl":"https:\/\/dataconingenieria.com\/wp-content\/uploads\/2025\/06\/Banner-3.jpg","datePublished":"2022-08-18T09:05:50+00:00","dateModified":"2025-07-16T11:27:30+00:00","description":"\u00bfQui\u00e9nes somos?En 2013, nace DATACON Ingenier\u00eda de Construcci\u00f3n. La empresa combin\u00f3 la realizaci\u00f3n de obra privada con obras publicas","breadcrumb":{"@id":"https:\/\/dataconingenieria.com\/index.php\/quienes-somos\/#breadcrumb"},"inLanguage":"es","potentialAction":[{"@type":"ReadAction","target":["https:\/\/dataconingenieria.com\/index.php\/quienes-somos\/"]}]},{"@type":"ImageObject","inLanguage":"es","@id":"https:\/\/dataconingenieria.com\/index.php\/quienes-somos\/#primaryimage","url":"https:\/\/dataconingenieria.com\/wp-content\/uploads\/2025\/06\/Banner-3.jpg","contentUrl":"https:\/\/dataconingenieria.com\/wp-content\/uploads\/2025\/06\/Banner-3.jpg","width":2128,"height":788},{"@type":"BreadcrumbList","@id":"https:\/\/dataconingenieria.com\/index.php\/quienes-somos\/#breadcrumb","itemListElement":[{"@type":"ListItem","position":1,"name":"Portada","item":"https:\/\/dataconingenieria.com\/"},{"@type":"ListItem","position":2,"name":"\u00bfQui\u00e9nes somos?"}]},{"@type":"WebSite","@id":"https:\/\/dataconingenieria.com\/#website","url":"https:\/\/dataconingenieria.com\/","name":"Datacon - Ingenier\u00eda de Construcci\u00f3n","description":"Constructora especializada en ingenier\u00eda civil","publisher":{"@id":"https:\/\/dataconingenieria.com\/#organization"},"potentialAction":[{"@type":"SearchAction","target":{"@type":"EntryPoint","urlTemplate":"https:\/\/dataconingenieria.com\/?s={search_term_string}"},"query-input":{"@type":"PropertyValueSpecification","valueRequired":true,"valueName":"search_term_string"}}],"inLanguage":"es"},{"@type":"Organization","@id":"https:\/\/dataconingenieria.com\/#organization","name":"Datacon - Ingenier\u00eda de Construcci\u00f3n","url":"https:\/\/dataconingenieria.com\/","logo":{"@type":"ImageObject","inLanguage":"es","@id":"https:\/\/dataconingenieria.com\/#\/schema\/logo\/image\/","url":"https:\/\/dataconingenieria.com\/wp-content\/uploads\/2024\/12\/Logo-DATA-sin-fondo-1.png","contentUrl":"https:\/\/dataconingenieria.com\/wp-content\/uploads\/2024\/12\/Logo-DATA-sin-fondo-1.png","width":250,"height":100,"caption":"Datacon - Ingenier\u00eda de Construcci\u00f3n"},"image":{"@id":"https:\/\/dataconingenieria.com\/#\/schema\/logo\/image\/"},"sameAs":["https:\/\/www.facebook.com\/profile.php?id=100008873568400"]}]}},"featured_media_urls":[],"_links":{"self":[{"href":"https:\/\/dataconingenieria.com\/index.php\/wp-json\/wp\/v2\/pages\/49","targetHints":{"allow":["GET"]}}],"collection":[{"href":"https:\/\/dataconingenieria.com\/index.php\/wp-json\/wp\/v2\/pages"}],"about":[{"href":"https:\/\/dataconingenieria.com\/index.php\/wp-json\/wp\/v2\/types\/page"}],"author":[{"embeddable":true,"href":"https:\/\/dataconingenieria.com\/index.php\/wp-json\/wp\/v2\/users\/1"}],"replies":[{"embeddable":true,"href":"https:\/\/dataconingenieria.com\/index.php\/wp-json\/wp\/v2\/comments?post=49"}],"version-history":[{"count":13,"href":"https:\/\/dataconingenieria.com\/index.php\/wp-json\/wp\/v2\/pages\/49\/revisions"}],"predecessor-version":[{"id":718,"href":"https:\/\/dataconingenieria.com\/index.php\/wp-json\/wp\/v2\/pages\/49\/revisions\/718"}],"wp:attachment":[{"href":"https:\/\/dataconingenieria.com\/index.php\/wp-json\/wp\/v2\/media?parent=49"}],"curies":[{"name":"wp","href":"https:\/\/api.w.org\/{rel}","templated":true}]}}