{"id":503,"date":"2025-05-19T13:56:19","date_gmt":"2025-05-19T11:56:19","guid":{"rendered":"https:\/\/dataconingenieria.com\/?page_id=503"},"modified":"2025-05-19T13:56:24","modified_gmt":"2025-05-19T11:56:24","slug":"aviso-legal","status":"publish","type":"page","link":"https:\/\/dataconingenieria.com\/index.php\/aviso-legal\/","title":{"rendered":"Aviso legal"},"content":{"rendered":"\n<p>Titularidad del sitio web<br><br>En cumplimiento con el deber de informaci\u00f3n recogido en el art\u00edculo 10 de la Ley 34\/2002, de 11 de julio, de Servicios de la Sociedad de la Informaci\u00f3n y del Comercio Electr\u00f3nico, se informa que este sitio web es titularidad de:<br><br>Nombre de la empresa: Datacon Ingenier\u00eda de Construcci\u00f3n S.L.<br>CIF: B-14968622<br>Domicilio social: Calle Virgen de la Cabeza, 23, 14800 Priego de C\u00f3rdoba, C\u00f3rdoba<br>Correo electr\u00f3nico de contacto: info@dataconingenieria.com<br>Tel\u00e9fono: 957 96 72 88<br>Dominio web: https:\/\/dataconingenieria.com\/<br><br>Condiciones de uso<br><br>El acceso y uso del sitio web atribuye la condici\u00f3n de usuario, y conlleva la aceptaci\u00f3n plena de estas condiciones de uso. El usuario se compromete a utilizar el sitio de forma adecuada, respetando la ley, la moral, el orden p\u00fablico y estas condiciones.<br><br>Queda expresamente prohibido el uso del sitio con fines il\u00edcitos, lesivos de derechos o intereses de terceros, o que puedan da\u00f1ar, inutilizar o deteriorar el funcionamiento del sitio o sus contenidos.<br><br>Datacon Ingenier\u00eda de Construcci\u00f3n S.L. se reserva el derecho a modificar en cualquier momento y sin previo aviso la presentaci\u00f3n, configuraci\u00f3n y contenidos del sitio web, as\u00ed como las condiciones requeridas para su uso.<br><br>Propiedad intelectual e industrial<br><br>Todos los contenidos del sitio web (textos, im\u00e1genes, dise\u00f1os, logotipos, c\u00f3digo fuente, etc.) son propiedad exclusiva de Datacon Ingenier\u00eda de Construcci\u00f3n S.L. o de terceros con los que se haya acordado su uso. Queda prohibida su reproducci\u00f3n, distribuci\u00f3n o transformaci\u00f3n sin autorizaci\u00f3n expresa del titular.<br><br>Responsabilidad<br><br>Datacon Ingenier\u00eda de Construcci\u00f3n S.L. no se hace responsable del mal uso que los usuarios puedan hacer del sitio web ni de los da\u00f1os que puedan derivarse de dicho uso.<br><br>Tampoco se garantiza la ausencia de virus o elementos que puedan alterar los sistemas inform\u00e1ticos del usuario, declinando cualquier responsabilidad por los da\u00f1os causados por estos elementos.<br><br>Enlaces a terceros<br><br>Este sitio web puede contener enlaces a sitios externos. Datacon Ingenier\u00eda de Construcci\u00f3n S.L. no se responsabiliza de los contenidos, pol\u00edticas o pr\u00e1cticas de dichos sitios externos.<br><br>Ley aplicable y jurisdicci\u00f3n<br><br>Estas condiciones se regir\u00e1n e interpretar\u00e1n conforme a la legislaci\u00f3n espa\u00f1ola. En caso de controversia, ambas partes se someter\u00e1n a los juzgados y tribunales de C\u00f3rdoba.<\/p>\n","protected":false},"excerpt":{"rendered":"<p>Titularidad del sitio web En cumplimiento con el deber de informaci\u00f3n recogido en el art\u00edculo 10 de la Ley 34\/2002, de 11 de julio, de Servicios de la Sociedad de la Informaci\u00f3n y del Comercio Electr\u00f3nico, se informa que este sitio web es titularidad de: Nombre de la empresa: Datacon Ingenier\u00eda de Construcci\u00f3n S.L.CIF: B-14968622Domicilio [&hellip;]<\/p>\n","protected":false},"author":1,"featured_media":0,"parent":0,"menu_order":0,"comment_status":"closed","ping_status":"closed","template":"","meta":{"footnotes":""},"class_list":["post-503","page","type-page","status-publish","hentry"],"yoast_head":"<!-- This site is optimized with the Yoast SEO plugin v27.4 - https:\/\/yoast.com\/product\/yoast-seo-wordpress\/ -->\n<title>Aviso legal - Datacon - Ingenier\u00eda de Construcci\u00f3n<\/title>\n<meta name=\"robots\" content=\"index, follow, max-snippet:-1, max-image-preview:large, max-video-preview:-1\" \/>\n<link rel=\"canonical\" href=\"https:\/\/dataconingenieria.com\/index.php\/aviso-legal\/\" \/>\n<meta property=\"og:locale\" content=\"es_ES\" \/>\n<meta property=\"og:type\" content=\"article\" \/>\n<meta property=\"og:title\" content=\"Aviso legal - Datacon - Ingenier\u00eda de Construcci\u00f3n\" \/>\n<meta property=\"og:description\" content=\"Titularidad del sitio web En cumplimiento con el deber de informaci\u00f3n recogido en el art\u00edculo 10 de la Ley 34\/2002, de 11 de julio, de Servicios de la Sociedad de la Informaci\u00f3n y del Comercio Electr\u00f3nico, se informa que este sitio web es titularidad de: Nombre de la empresa: Datacon Ingenier\u00eda de Construcci\u00f3n S.L.CIF: B-14968622Domicilio [&hellip;]\" \/>\n<meta property=\"og:url\" content=\"https:\/\/dataconingenieria.com\/index.php\/aviso-legal\/\" \/>\n<meta property=\"og:site_name\" content=\"Datacon - Ingenier\u00eda de Construcci\u00f3n\" \/>\n<meta property=\"article:publisher\" content=\"https:\/\/www.facebook.com\/profile.php?id=100008873568400\" \/>\n<meta property=\"article:modified_time\" content=\"2025-05-19T11:56:24+00:00\" \/>\n<meta name=\"twitter:card\" content=\"summary_large_image\" \/>\n<meta name=\"twitter:label1\" content=\"Tiempo de lectura\" \/>\n\t<meta name=\"twitter:data1\" content=\"2 minutos\" \/>\n<script type=\"application\/ld+json\" class=\"yoast-schema-graph\">{\"@context\":\"https:\\\/\\\/schema.org\",\"@graph\":[{\"@type\":\"WebPage\",\"@id\":\"https:\\\/\\\/dataconingenieria.com\\\/index.php\\\/aviso-legal\\\/\",\"url\":\"https:\\\/\\\/dataconingenieria.com\\\/index.php\\\/aviso-legal\\\/\",\"name\":\"Aviso legal - Datacon - Ingenier\u00eda de Construcci\u00f3n\",\"isPartOf\":{\"@id\":\"https:\\\/\\\/dataconingenieria.com\\\/#website\"},\"datePublished\":\"2025-05-19T11:56:19+00:00\",\"dateModified\":\"2025-05-19T11:56:24+00:00\",\"breadcrumb\":{\"@id\":\"https:\\\/\\\/dataconingenieria.com\\\/index.php\\\/aviso-legal\\\/#breadcrumb\"},\"inLanguage\":\"es\",\"potentialAction\":[{\"@type\":\"ReadAction\",\"target\":[\"https:\\\/\\\/dataconingenieria.com\\\/index.php\\\/aviso-legal\\\/\"]}]},{\"@type\":\"BreadcrumbList\",\"@id\":\"https:\\\/\\\/dataconingenieria.com\\\/index.php\\\/aviso-legal\\\/#breadcrumb\",\"itemListElement\":[{\"@type\":\"ListItem\",\"position\":1,\"name\":\"Portada\",\"item\":\"https:\\\/\\\/dataconingenieria.com\\\/\"},{\"@type\":\"ListItem\",\"position\":2,\"name\":\"Aviso legal\"}]},{\"@type\":\"WebSite\",\"@id\":\"https:\\\/\\\/dataconingenieria.com\\\/#website\",\"url\":\"https:\\\/\\\/dataconingenieria.com\\\/\",\"name\":\"Datacon - Ingenier\u00eda de Construcci\u00f3n\",\"description\":\"Constructora especializada en ingenier\u00eda civil\",\"publisher\":{\"@id\":\"https:\\\/\\\/dataconingenieria.com\\\/#organization\"},\"potentialAction\":[{\"@type\":\"SearchAction\",\"target\":{\"@type\":\"EntryPoint\",\"urlTemplate\":\"https:\\\/\\\/dataconingenieria.com\\\/?s={search_term_string}\"},\"query-input\":{\"@type\":\"PropertyValueSpecification\",\"valueRequired\":true,\"valueName\":\"search_term_string\"}}],\"inLanguage\":\"es\"},{\"@type\":\"Organization\",\"@id\":\"https:\\\/\\\/dataconingenieria.com\\\/#organization\",\"name\":\"Datacon - Ingenier\u00eda de Construcci\u00f3n\",\"url\":\"https:\\\/\\\/dataconingenieria.com\\\/\",\"logo\":{\"@type\":\"ImageObject\",\"inLanguage\":\"es\",\"@id\":\"https:\\\/\\\/dataconingenieria.com\\\/#\\\/schema\\\/logo\\\/image\\\/\",\"url\":\"https:\\\/\\\/dataconingenieria.com\\\/wp-content\\\/uploads\\\/2024\\\/12\\\/Logo-DATA-sin-fondo-1.png\",\"contentUrl\":\"https:\\\/\\\/dataconingenieria.com\\\/wp-content\\\/uploads\\\/2024\\\/12\\\/Logo-DATA-sin-fondo-1.png\",\"width\":250,\"height\":100,\"caption\":\"Datacon - Ingenier\u00eda de Construcci\u00f3n\"},\"image\":{\"@id\":\"https:\\\/\\\/dataconingenieria.com\\\/#\\\/schema\\\/logo\\\/image\\\/\"},\"sameAs\":[\"https:\\\/\\\/www.facebook.com\\\/profile.php?id=100008873568400\"]}]}<\/script>\n<!-- \/ Yoast SEO plugin. -->","yoast_head_json":{"title":"Aviso legal - Datacon - Ingenier\u00eda de Construcci\u00f3n","robots":{"index":"index","follow":"follow","max-snippet":"max-snippet:-1","max-image-preview":"max-image-preview:large","max-video-preview":"max-video-preview:-1"},"canonical":"https:\/\/dataconingenieria.com\/index.php\/aviso-legal\/","og_locale":"es_ES","og_type":"article","og_title":"Aviso legal - Datacon - Ingenier\u00eda de Construcci\u00f3n","og_description":"Titularidad del sitio web En cumplimiento con el deber de informaci\u00f3n recogido en el art\u00edculo 10 de la Ley 34\/2002, de 11 de julio, de Servicios de la Sociedad de la Informaci\u00f3n y del Comercio Electr\u00f3nico, se informa que este sitio web es titularidad de: Nombre de la empresa: Datacon Ingenier\u00eda de Construcci\u00f3n S.L.CIF: B-14968622Domicilio [&hellip;]","og_url":"https:\/\/dataconingenieria.com\/index.php\/aviso-legal\/","og_site_name":"Datacon - Ingenier\u00eda de Construcci\u00f3n","article_publisher":"https:\/\/www.facebook.com\/profile.php?id=100008873568400","article_modified_time":"2025-05-19T11:56:24+00:00","twitter_card":"summary_large_image","twitter_misc":{"Tiempo de lectura":"2 minutos"},"schema":{"@context":"https:\/\/schema.org","@graph":[{"@type":"WebPage","@id":"https:\/\/dataconingenieria.com\/index.php\/aviso-legal\/","url":"https:\/\/dataconingenieria.com\/index.php\/aviso-legal\/","name":"Aviso legal - Datacon - Ingenier\u00eda de Construcci\u00f3n","isPartOf":{"@id":"https:\/\/dataconingenieria.com\/#website"},"datePublished":"2025-05-19T11:56:19+00:00","dateModified":"2025-05-19T11:56:24+00:00","breadcrumb":{"@id":"https:\/\/dataconingenieria.com\/index.php\/aviso-legal\/#breadcrumb"},"inLanguage":"es","potentialAction":[{"@type":"ReadAction","target":["https:\/\/dataconingenieria.com\/index.php\/aviso-legal\/"]}]},{"@type":"BreadcrumbList","@id":"https:\/\/dataconingenieria.com\/index.php\/aviso-legal\/#breadcrumb","itemListElement":[{"@type":"ListItem","position":1,"name":"Portada","item":"https:\/\/dataconingenieria.com\/"},{"@type":"ListItem","position":2,"name":"Aviso legal"}]},{"@type":"WebSite","@id":"https:\/\/dataconingenieria.com\/#website","url":"https:\/\/dataconingenieria.com\/","name":"Datacon - Ingenier\u00eda de Construcci\u00f3n","description":"Constructora especializada en ingenier\u00eda civil","publisher":{"@id":"https:\/\/dataconingenieria.com\/#organization"},"potentialAction":[{"@type":"SearchAction","target":{"@type":"EntryPoint","urlTemplate":"https:\/\/dataconingenieria.com\/?s={search_term_string}"},"query-input":{"@type":"PropertyValueSpecification","valueRequired":true,"valueName":"search_term_string"}}],"inLanguage":"es"},{"@type":"Organization","@id":"https:\/\/dataconingenieria.com\/#organization","name":"Datacon - Ingenier\u00eda de Construcci\u00f3n","url":"https:\/\/dataconingenieria.com\/","logo":{"@type":"ImageObject","inLanguage":"es","@id":"https:\/\/dataconingenieria.com\/#\/schema\/logo\/image\/","url":"https:\/\/dataconingenieria.com\/wp-content\/uploads\/2024\/12\/Logo-DATA-sin-fondo-1.png","contentUrl":"https:\/\/dataconingenieria.com\/wp-content\/uploads\/2024\/12\/Logo-DATA-sin-fondo-1.png","width":250,"height":100,"caption":"Datacon - Ingenier\u00eda de Construcci\u00f3n"},"image":{"@id":"https:\/\/dataconingenieria.com\/#\/schema\/logo\/image\/"},"sameAs":["https:\/\/www.facebook.com\/profile.php?id=100008873568400"]}]}},"featured_media_urls":[],"_links":{"self":[{"href":"https:\/\/dataconingenieria.com\/index.php\/wp-json\/wp\/v2\/pages\/503","targetHints":{"allow":["GET"]}}],"collection":[{"href":"https:\/\/dataconingenieria.com\/index.php\/wp-json\/wp\/v2\/pages"}],"about":[{"href":"https:\/\/dataconingenieria.com\/index.php\/wp-json\/wp\/v2\/types\/page"}],"author":[{"embeddable":true,"href":"https:\/\/dataconingenieria.com\/index.php\/wp-json\/wp\/v2\/users\/1"}],"replies":[{"embeddable":true,"href":"https:\/\/dataconingenieria.com\/index.php\/wp-json\/wp\/v2\/comments?post=503"}],"version-history":[{"count":1,"href":"https:\/\/dataconingenieria.com\/index.php\/wp-json\/wp\/v2\/pages\/503\/revisions"}],"predecessor-version":[{"id":504,"href":"https:\/\/dataconingenieria.com\/index.php\/wp-json\/wp\/v2\/pages\/503\/revisions\/504"}],"wp:attachment":[{"href":"https:\/\/dataconingenieria.com\/index.php\/wp-json\/wp\/v2\/media?parent=503"}],"curies":[{"name":"wp","href":"https:\/\/api.w.org\/{rel}","templated":true}]}}