{"id":505,"date":"2025-05-19T13:57:22","date_gmt":"2025-05-19T11:57:22","guid":{"rendered":"https:\/\/dataconingenieria.com\/?page_id=505"},"modified":"2025-05-19T13:57:23","modified_gmt":"2025-05-19T11:57:23","slug":"politica-de-privacidad","status":"publish","type":"page","link":"https:\/\/dataconingenieria.com\/index.php\/politica-de-privacidad\/","title":{"rendered":"Pol\u00edtica de privacidad"},"content":{"rendered":"\n<p>Responsable del tratamiento de los datos<br><br>Responsable: Datacon Ingenier\u00eda de Construcci\u00f3n S.L.<br>CIF: B-14968622<br>Direcci\u00f3n: Calle Virgen de la Cabeza, 23, 14800 Priego de C\u00f3rdoba, C\u00f3rdoba<br>Correo electr\u00f3nico: info@dataconingenieria.com<br>Tel\u00e9fono: 957 96 72 88<br><br>Finalidad del tratamiento<br><br>Los datos personales recogidos a trav\u00e9s de los formularios de esta web se tratan con la finalidad de:<br>&#8211; Atender solicitudes de informaci\u00f3n y contacto<br>&#8211; Gestionar comunicaciones relacionadas con los servicios ofrecidos<br>&#8211; Cumplir obligaciones legales<br><br>Legitimaci\u00f3n<br><br>El tratamiento de los datos se basa en el consentimiento del usuario al enviar formularios de contacto o en la ejecuci\u00f3n de un contrato o precontrato.<br><br>Destinatarios<br><br>Los datos no ser\u00e1n cedidos a terceros, salvo obligaci\u00f3n legal o cuando sea necesario para la prestaci\u00f3n del servicio solicitado.<br><br>Derechos del usuario<br><br>Cualquier persona tiene derecho a:<br>&#8211; Acceder a sus datos personales<br>&#8211; Rectificarlos o suprimirlos<br>&#8211; Limitar u oponerse a su tratamiento<br>&#8211; Portarlos a otro responsable<br><br>Puede ejercer estos derechos enviando un correo electr\u00f3nico a info@dataconingenieria.com, adjuntando copia de su DNI o documento identificativo equivalente.<br><br>Conservaci\u00f3n de los datos<br><br>Los datos se conservar\u00e1n durante el tiempo necesario para cumplir con la finalidad para la que fueron recogidos y para atender posibles responsabilidades legales.<br><br>Medidas de seguridad<br><br>Datacon Ingenier\u00eda de Construcci\u00f3n S.L. aplica medidas t\u00e9cnicas y organizativas adecuadas para garantizar la seguridad y confidencialidad de los datos personales tratados.<\/p>\n","protected":false},"excerpt":{"rendered":"<p>Responsable del tratamiento de los datos Responsable: Datacon Ingenier\u00eda de Construcci\u00f3n S.L.CIF: B-14968622Direcci\u00f3n: Calle Virgen de la Cabeza, 23, 14800 Priego de C\u00f3rdoba, C\u00f3rdobaCorreo electr\u00f3nico: info@dataconingenieria.comTel\u00e9fono: 957 96 72 88 Finalidad del tratamiento Los datos personales recogidos a trav\u00e9s de los formularios de esta web se tratan con la finalidad de:&#8211; Atender solicitudes de informaci\u00f3n [&hellip;]<\/p>\n","protected":false},"author":1,"featured_media":0,"parent":0,"menu_order":0,"comment_status":"closed","ping_status":"closed","template":"","meta":{"footnotes":""},"class_list":["post-505","page","type-page","status-publish","hentry"],"yoast_head":"<!-- This site is optimized with the Yoast SEO plugin v27.4 - https:\/\/yoast.com\/product\/yoast-seo-wordpress\/ -->\n<title>Pol\u00edtica de privacidad - Datacon - Ingenier\u00eda de Construcci\u00f3n<\/title>\n<meta name=\"robots\" content=\"index, follow, max-snippet:-1, max-image-preview:large, max-video-preview:-1\" \/>\n<link rel=\"canonical\" href=\"https:\/\/dataconingenieria.com\/index.php\/politica-de-privacidad\/\" \/>\n<meta property=\"og:locale\" content=\"es_ES\" \/>\n<meta property=\"og:type\" content=\"article\" \/>\n<meta property=\"og:title\" content=\"Pol\u00edtica de privacidad - Datacon - Ingenier\u00eda de Construcci\u00f3n\" \/>\n<meta property=\"og:description\" content=\"Responsable del tratamiento de los datos Responsable: Datacon Ingenier\u00eda de Construcci\u00f3n S.L.CIF: B-14968622Direcci\u00f3n: Calle Virgen de la Cabeza, 23, 14800 Priego de C\u00f3rdoba, C\u00f3rdobaCorreo electr\u00f3nico: info@dataconingenieria.comTel\u00e9fono: 957 96 72 88 Finalidad del tratamiento Los datos personales recogidos a trav\u00e9s de los formularios de esta web se tratan con la finalidad de:&#8211; Atender solicitudes de informaci\u00f3n [&hellip;]\" \/>\n<meta property=\"og:url\" content=\"https:\/\/dataconingenieria.com\/index.php\/politica-de-privacidad\/\" \/>\n<meta property=\"og:site_name\" content=\"Datacon - Ingenier\u00eda de Construcci\u00f3n\" \/>\n<meta property=\"article:publisher\" content=\"https:\/\/www.facebook.com\/profile.php?id=100008873568400\" \/>\n<meta property=\"article:modified_time\" content=\"2025-05-19T11:57:23+00:00\" \/>\n<meta name=\"twitter:card\" content=\"summary_large_image\" \/>\n<meta name=\"twitter:label1\" content=\"Tiempo de lectura\" \/>\n\t<meta name=\"twitter:data1\" content=\"1 minuto\" \/>\n<script type=\"application\/ld+json\" class=\"yoast-schema-graph\">{\"@context\":\"https:\\\/\\\/schema.org\",\"@graph\":[{\"@type\":\"WebPage\",\"@id\":\"https:\\\/\\\/dataconingenieria.com\\\/index.php\\\/politica-de-privacidad\\\/\",\"url\":\"https:\\\/\\\/dataconingenieria.com\\\/index.php\\\/politica-de-privacidad\\\/\",\"name\":\"Pol\u00edtica de privacidad - Datacon - Ingenier\u00eda de Construcci\u00f3n\",\"isPartOf\":{\"@id\":\"https:\\\/\\\/dataconingenieria.com\\\/#website\"},\"datePublished\":\"2025-05-19T11:57:22+00:00\",\"dateModified\":\"2025-05-19T11:57:23+00:00\",\"breadcrumb\":{\"@id\":\"https:\\\/\\\/dataconingenieria.com\\\/index.php\\\/politica-de-privacidad\\\/#breadcrumb\"},\"inLanguage\":\"es\",\"potentialAction\":[{\"@type\":\"ReadAction\",\"target\":[\"https:\\\/\\\/dataconingenieria.com\\\/index.php\\\/politica-de-privacidad\\\/\"]}]},{\"@type\":\"BreadcrumbList\",\"@id\":\"https:\\\/\\\/dataconingenieria.com\\\/index.php\\\/politica-de-privacidad\\\/#breadcrumb\",\"itemListElement\":[{\"@type\":\"ListItem\",\"position\":1,\"name\":\"Portada\",\"item\":\"https:\\\/\\\/dataconingenieria.com\\\/\"},{\"@type\":\"ListItem\",\"position\":2,\"name\":\"Pol\u00edtica de privacidad\"}]},{\"@type\":\"WebSite\",\"@id\":\"https:\\\/\\\/dataconingenieria.com\\\/#website\",\"url\":\"https:\\\/\\\/dataconingenieria.com\\\/\",\"name\":\"Datacon - Ingenier\u00eda de Construcci\u00f3n\",\"description\":\"Constructora especializada en ingenier\u00eda civil\",\"publisher\":{\"@id\":\"https:\\\/\\\/dataconingenieria.com\\\/#organization\"},\"potentialAction\":[{\"@type\":\"SearchAction\",\"target\":{\"@type\":\"EntryPoint\",\"urlTemplate\":\"https:\\\/\\\/dataconingenieria.com\\\/?s={search_term_string}\"},\"query-input\":{\"@type\":\"PropertyValueSpecification\",\"valueRequired\":true,\"valueName\":\"search_term_string\"}}],\"inLanguage\":\"es\"},{\"@type\":\"Organization\",\"@id\":\"https:\\\/\\\/dataconingenieria.com\\\/#organization\",\"name\":\"Datacon - Ingenier\u00eda de Construcci\u00f3n\",\"url\":\"https:\\\/\\\/dataconingenieria.com\\\/\",\"logo\":{\"@type\":\"ImageObject\",\"inLanguage\":\"es\",\"@id\":\"https:\\\/\\\/dataconingenieria.com\\\/#\\\/schema\\\/logo\\\/image\\\/\",\"url\":\"https:\\\/\\\/dataconingenieria.com\\\/wp-content\\\/uploads\\\/2024\\\/12\\\/Logo-DATA-sin-fondo-1.png\",\"contentUrl\":\"https:\\\/\\\/dataconingenieria.com\\\/wp-content\\\/uploads\\\/2024\\\/12\\\/Logo-DATA-sin-fondo-1.png\",\"width\":250,\"height\":100,\"caption\":\"Datacon - Ingenier\u00eda de Construcci\u00f3n\"},\"image\":{\"@id\":\"https:\\\/\\\/dataconingenieria.com\\\/#\\\/schema\\\/logo\\\/image\\\/\"},\"sameAs\":[\"https:\\\/\\\/www.facebook.com\\\/profile.php?id=100008873568400\"]}]}<\/script>\n<!-- \/ Yoast SEO plugin. -->","yoast_head_json":{"title":"Pol\u00edtica de privacidad - Datacon - Ingenier\u00eda de Construcci\u00f3n","robots":{"index":"index","follow":"follow","max-snippet":"max-snippet:-1","max-image-preview":"max-image-preview:large","max-video-preview":"max-video-preview:-1"},"canonical":"https:\/\/dataconingenieria.com\/index.php\/politica-de-privacidad\/","og_locale":"es_ES","og_type":"article","og_title":"Pol\u00edtica de privacidad - Datacon - Ingenier\u00eda de Construcci\u00f3n","og_description":"Responsable del tratamiento de los datos Responsable: Datacon Ingenier\u00eda de Construcci\u00f3n S.L.CIF: B-14968622Direcci\u00f3n: Calle Virgen de la Cabeza, 23, 14800 Priego de C\u00f3rdoba, C\u00f3rdobaCorreo electr\u00f3nico: info@dataconingenieria.comTel\u00e9fono: 957 96 72 88 Finalidad del tratamiento Los datos personales recogidos a trav\u00e9s de los formularios de esta web se tratan con la finalidad de:&#8211; Atender solicitudes de informaci\u00f3n [&hellip;]","og_url":"https:\/\/dataconingenieria.com\/index.php\/politica-de-privacidad\/","og_site_name":"Datacon - Ingenier\u00eda de Construcci\u00f3n","article_publisher":"https:\/\/www.facebook.com\/profile.php?id=100008873568400","article_modified_time":"2025-05-19T11:57:23+00:00","twitter_card":"summary_large_image","twitter_misc":{"Tiempo de lectura":"1 minuto"},"schema":{"@context":"https:\/\/schema.org","@graph":[{"@type":"WebPage","@id":"https:\/\/dataconingenieria.com\/index.php\/politica-de-privacidad\/","url":"https:\/\/dataconingenieria.com\/index.php\/politica-de-privacidad\/","name":"Pol\u00edtica de privacidad - Datacon - Ingenier\u00eda de Construcci\u00f3n","isPartOf":{"@id":"https:\/\/dataconingenieria.com\/#website"},"datePublished":"2025-05-19T11:57:22+00:00","dateModified":"2025-05-19T11:57:23+00:00","breadcrumb":{"@id":"https:\/\/dataconingenieria.com\/index.php\/politica-de-privacidad\/#breadcrumb"},"inLanguage":"es","potentialAction":[{"@type":"ReadAction","target":["https:\/\/dataconingenieria.com\/index.php\/politica-de-privacidad\/"]}]},{"@type":"BreadcrumbList","@id":"https:\/\/dataconingenieria.com\/index.php\/politica-de-privacidad\/#breadcrumb","itemListElement":[{"@type":"ListItem","position":1,"name":"Portada","item":"https:\/\/dataconingenieria.com\/"},{"@type":"ListItem","position":2,"name":"Pol\u00edtica de privacidad"}]},{"@type":"WebSite","@id":"https:\/\/dataconingenieria.com\/#website","url":"https:\/\/dataconingenieria.com\/","name":"Datacon - Ingenier\u00eda de Construcci\u00f3n","description":"Constructora especializada en ingenier\u00eda civil","publisher":{"@id":"https:\/\/dataconingenieria.com\/#organization"},"potentialAction":[{"@type":"SearchAction","target":{"@type":"EntryPoint","urlTemplate":"https:\/\/dataconingenieria.com\/?s={search_term_string}"},"query-input":{"@type":"PropertyValueSpecification","valueRequired":true,"valueName":"search_term_string"}}],"inLanguage":"es"},{"@type":"Organization","@id":"https:\/\/dataconingenieria.com\/#organization","name":"Datacon - Ingenier\u00eda de Construcci\u00f3n","url":"https:\/\/dataconingenieria.com\/","logo":{"@type":"ImageObject","inLanguage":"es","@id":"https:\/\/dataconingenieria.com\/#\/schema\/logo\/image\/","url":"https:\/\/dataconingenieria.com\/wp-content\/uploads\/2024\/12\/Logo-DATA-sin-fondo-1.png","contentUrl":"https:\/\/dataconingenieria.com\/wp-content\/uploads\/2024\/12\/Logo-DATA-sin-fondo-1.png","width":250,"height":100,"caption":"Datacon - Ingenier\u00eda de Construcci\u00f3n"},"image":{"@id":"https:\/\/dataconingenieria.com\/#\/schema\/logo\/image\/"},"sameAs":["https:\/\/www.facebook.com\/profile.php?id=100008873568400"]}]}},"featured_media_urls":[],"_links":{"self":[{"href":"https:\/\/dataconingenieria.com\/index.php\/wp-json\/wp\/v2\/pages\/505","targetHints":{"allow":["GET"]}}],"collection":[{"href":"https:\/\/dataconingenieria.com\/index.php\/wp-json\/wp\/v2\/pages"}],"about":[{"href":"https:\/\/dataconingenieria.com\/index.php\/wp-json\/wp\/v2\/types\/page"}],"author":[{"embeddable":true,"href":"https:\/\/dataconingenieria.com\/index.php\/wp-json\/wp\/v2\/users\/1"}],"replies":[{"embeddable":true,"href":"https:\/\/dataconingenieria.com\/index.php\/wp-json\/wp\/v2\/comments?post=505"}],"version-history":[{"count":1,"href":"https:\/\/dataconingenieria.com\/index.php\/wp-json\/wp\/v2\/pages\/505\/revisions"}],"predecessor-version":[{"id":506,"href":"https:\/\/dataconingenieria.com\/index.php\/wp-json\/wp\/v2\/pages\/505\/revisions\/506"}],"wp:attachment":[{"href":"https:\/\/dataconingenieria.com\/index.php\/wp-json\/wp\/v2\/media?parent=505"}],"curies":[{"name":"wp","href":"https:\/\/api.w.org\/{rel}","templated":true}]}}