{"id":60,"date":"2022-08-18T11:48:25","date_gmt":"2022-08-18T09:48:25","guid":{"rendered":"https:\/\/dataconingenieria.com\/?page_id=60"},"modified":"2025-06-11T09:43:53","modified_gmt":"2025-06-11T07:43:53","slug":"obras","status":"publish","type":"page","link":"https:\/\/dataconingenieria.com\/index.php\/obras\/","title":{"rendered":"Proyectos"},"content":{"rendered":"\n<figure class=\"wp-block-image alignfull size-full\"><img fetchpriority=\"high\" decoding=\"async\" width=\"2128\" height=\"788\" src=\"https:\/\/dataconingenieria.com\/wp-content\/uploads\/2025\/06\/Banner-4.jpg\" alt=\"\" class=\"wp-image-627\" srcset=\"https:\/\/dataconingenieria.com\/wp-content\/uploads\/2025\/06\/Banner-4.jpg 2128w, https:\/\/dataconingenieria.com\/wp-content\/uploads\/2025\/06\/Banner-4-300x111.jpg 300w, https:\/\/dataconingenieria.com\/wp-content\/uploads\/2025\/06\/Banner-4-1024x379.jpg 1024w, https:\/\/dataconingenieria.com\/wp-content\/uploads\/2025\/06\/Banner-4-768x284.jpg 768w, https:\/\/dataconingenieria.com\/wp-content\/uploads\/2025\/06\/Banner-4-1536x569.jpg 1536w, https:\/\/dataconingenieria.com\/wp-content\/uploads\/2025\/06\/Banner-4-2048x758.jpg 2048w, https:\/\/dataconingenieria.com\/wp-content\/uploads\/2025\/06\/Banner-4-600x222.jpg 600w, https:\/\/dataconingenieria.com\/wp-content\/uploads\/2025\/06\/Banner-4-1200x444.jpg 1200w, https:\/\/dataconingenieria.com\/wp-content\/uploads\/2025\/06\/Banner-4-228x84.jpg 228w\" sizes=\"(max-width: 2128px) 100vw, 2128px\" \/><\/figure>\n\n\n\n<div style=\"height:33px\" aria-hidden=\"true\" class=\"wp-block-spacer\"><\/div>\n\n\n\n<div class=\"wp-block-buttons is-content-justification-space-between is-layout-flex wp-container-core-buttons-is-layout-b2891da8 wp-block-buttons-is-layout-flex\">\n<div class=\"wp-block-button\"><a class=\"wp-block-button__link wp-element-button\" href=\"https:\/\/dataconingenieria.com\/index.php\/civil\/\">Obra Civil<\/a><\/div>\n\n\n\n<div class=\"wp-block-button\"><a class=\"wp-block-button__link wp-element-button\" href=\"https:\/\/dataconingenieria.com\/index.php\/edificacion\/\">Edificaci\u00f3n<\/a><\/div>\n\n\n\n<div class=\"wp-block-button\"><a class=\"wp-block-button__link wp-element-button\" href=\"https:\/\/dataconingenieria.com\/index.php\/gas\/\">Instalaci\u00f3n de Gas<\/a><\/div>\n<\/div>\n\n\n\n<div style=\"height:19px\" aria-hidden=\"true\" class=\"wp-block-spacer\"><\/div>\n\n\n\n<p>A lo largo de nuestra existencia, nos hemos dedicado tanto a la ejecuci\u00f3n de nueva obra, como a la reforma de diferentes construcciones ya existentes.<\/p>\n\n\n\n<p>Destacamos la Costa del Sol como una de nuestras m\u00e1s frecuentes zonas de actuaci\u00f3n, sin dejar atr\u00e1s emplazamientos c\u00f3mo Bilbao, Vigo, San Sebasti\u00e1n, Madrid o Sevilla, en los cu\u00e1les nuestra eficacia y eficiencia son conocidas y valoradas de forma m\u00e1s que satisfactoria.<\/p>\n\n\n\n<p><br>Seguimos actualiz\u00e1ndonos cada d\u00eda con nuevas herramientas tecnol\u00f3gicas, siempre buscando alcanzar la m\u00e1xima preparaci\u00f3n y el conocimiento m\u00e1s alto de cara a la ejecuci\u00f3n de cada proyecto.<\/p>\n\n\n\n<p><br>Usando nuestra jerga, al igual que cada una de nuestras m\u00e1quinas, perseguimos continuamente estar bien engrasados y alimentados para que esta siga funcionando y trabajando al 100%.<\/p>\n\n\n\n<h2 class=\"wp-block-heading\">Nuestros clientes nos avalan<\/h2>\n\n\n\n<figure class=\"wp-block-image size-large\"><img decoding=\"async\" width=\"1024\" height=\"697\" src=\"https:\/\/dataconingenieria.com\/wp-content\/uploads\/2022\/08\/Captura-de-pantalla-2022-08-18-114705-1024x697.png\" alt=\"\" class=\"wp-image-95\" srcset=\"https:\/\/dataconingenieria.com\/wp-content\/uploads\/2022\/08\/Captura-de-pantalla-2022-08-18-114705-1024x697.png 1024w, https:\/\/dataconingenieria.com\/wp-content\/uploads\/2022\/08\/Captura-de-pantalla-2022-08-18-114705-300x204.png 300w, https:\/\/dataconingenieria.com\/wp-content\/uploads\/2022\/08\/Captura-de-pantalla-2022-08-18-114705-768x523.png 768w, https:\/\/dataconingenieria.com\/wp-content\/uploads\/2022\/08\/Captura-de-pantalla-2022-08-18-114705-600x408.png 600w, https:\/\/dataconingenieria.com\/wp-content\/uploads\/2022\/08\/Captura-de-pantalla-2022-08-18-114705-170x116.png 170w, https:\/\/dataconingenieria.com\/wp-content\/uploads\/2022\/08\/Captura-de-pantalla-2022-08-18-114705.png 1127w\" sizes=\"(max-width: 1024px) 100vw, 1024px\" \/><\/figure>\n\n\n\n<figure class=\"wp-block-image size-full\"><img decoding=\"async\" width=\"957\" height=\"637\" src=\"https:\/\/dataconingenieria.com\/wp-content\/uploads\/2022\/08\/Captura-de-pantalla-2022-08-18-114727.png\" alt=\"\" class=\"wp-image-96\" srcset=\"https:\/\/dataconingenieria.com\/wp-content\/uploads\/2022\/08\/Captura-de-pantalla-2022-08-18-114727.png 957w, https:\/\/dataconingenieria.com\/wp-content\/uploads\/2022\/08\/Captura-de-pantalla-2022-08-18-114727-300x200.png 300w, https:\/\/dataconingenieria.com\/wp-content\/uploads\/2022\/08\/Captura-de-pantalla-2022-08-18-114727-768x511.png 768w, https:\/\/dataconingenieria.com\/wp-content\/uploads\/2022\/08\/Captura-de-pantalla-2022-08-18-114727-600x399.png 600w, https:\/\/dataconingenieria.com\/wp-content\/uploads\/2022\/08\/Captura-de-pantalla-2022-08-18-114727-174x116.png 174w\" sizes=\"(max-width: 957px) 100vw, 957px\" \/><\/figure>\n","protected":false},"excerpt":{"rendered":"<p>A lo largo de nuestra existencia, nos hemos dedicado tanto a la ejecuci\u00f3n de nueva obra, como a la reforma de diferentes construcciones ya existentes. Destacamos la Costa del Sol como una de nuestras m\u00e1s frecuentes zonas de actuaci\u00f3n, sin dejar atr\u00e1s emplazamientos c\u00f3mo Bilbao, Vigo, San Sebasti\u00e1n, Madrid o Sevilla, en los cu\u00e1les nuestra [&hellip;]<\/p>\n","protected":false},"author":1,"featured_media":0,"parent":0,"menu_order":0,"comment_status":"closed","ping_status":"closed","template":"","meta":{"footnotes":""},"class_list":["post-60","page","type-page","status-publish","hentry"],"yoast_head":"<!-- This site is optimized with the Yoast SEO plugin v27.3 - https:\/\/yoast.com\/product\/yoast-seo-wordpress\/ -->\n<title>Obras<\/title>\n<meta name=\"description\" content=\"Nos hemos dedicado a la ejecuci\u00f3n tanto de obra nueva como de reformas en viviendas, oficinas, cl\u00ednicas, escuelas, naves industriales y centros comerciales\" \/>\n<meta name=\"robots\" content=\"index, follow, max-snippet:-1, max-image-preview:large, max-video-preview:-1\" \/>\n<link rel=\"canonical\" href=\"https:\/\/dataconingenieria.com\/index.php\/obras\/\" \/>\n<meta property=\"og:locale\" content=\"es_ES\" \/>\n<meta property=\"og:type\" content=\"article\" \/>\n<meta property=\"og:title\" content=\"Obras\" \/>\n<meta property=\"og:description\" content=\"Nos hemos dedicado a la ejecuci\u00f3n tanto de obra nueva como de reformas en viviendas, oficinas, cl\u00ednicas, escuelas, naves industriales y centros comerciales\" \/>\n<meta property=\"og:url\" content=\"https:\/\/dataconingenieria.com\/index.php\/obras\/\" \/>\n<meta property=\"og:site_name\" content=\"Datacon - Ingenier\u00eda de Construcci\u00f3n\" \/>\n<meta property=\"article:publisher\" content=\"https:\/\/www.facebook.com\/profile.php?id=100008873568400\" \/>\n<meta property=\"article:modified_time\" content=\"2025-06-11T07:43:53+00:00\" \/>\n<meta property=\"og:image\" content=\"https:\/\/dataconingenieria.com\/wp-content\/uploads\/2025\/06\/Banner-4.jpg\" \/>\n\t<meta property=\"og:image:width\" content=\"2128\" \/>\n\t<meta property=\"og:image:height\" content=\"788\" \/>\n\t<meta property=\"og:image:type\" content=\"image\/jpeg\" \/>\n<meta name=\"twitter:card\" content=\"summary_large_image\" \/>\n<meta name=\"twitter:label1\" content=\"Tiempo de lectura\" \/>\n\t<meta name=\"twitter:data1\" content=\"2 minutos\" \/>\n<script type=\"application\/ld+json\" class=\"yoast-schema-graph\">{\"@context\":\"https:\\\/\\\/schema.org\",\"@graph\":[{\"@type\":\"WebPage\",\"@id\":\"https:\\\/\\\/dataconingenieria.com\\\/index.php\\\/obras\\\/\",\"url\":\"https:\\\/\\\/dataconingenieria.com\\\/index.php\\\/obras\\\/\",\"name\":\"Obras\",\"isPartOf\":{\"@id\":\"https:\\\/\\\/dataconingenieria.com\\\/#website\"},\"primaryImageOfPage\":{\"@id\":\"https:\\\/\\\/dataconingenieria.com\\\/index.php\\\/obras\\\/#primaryimage\"},\"image\":{\"@id\":\"https:\\\/\\\/dataconingenieria.com\\\/index.php\\\/obras\\\/#primaryimage\"},\"thumbnailUrl\":\"https:\\\/\\\/dataconingenieria.com\\\/wp-content\\\/uploads\\\/2025\\\/06\\\/Banner-4.jpg\",\"datePublished\":\"2022-08-18T09:48:25+00:00\",\"dateModified\":\"2025-06-11T07:43:53+00:00\",\"description\":\"Nos hemos dedicado a la ejecuci\u00f3n tanto de obra nueva como de reformas en viviendas, oficinas, cl\u00ednicas, escuelas, naves industriales y centros comerciales\",\"breadcrumb\":{\"@id\":\"https:\\\/\\\/dataconingenieria.com\\\/index.php\\\/obras\\\/#breadcrumb\"},\"inLanguage\":\"es\",\"potentialAction\":[{\"@type\":\"ReadAction\",\"target\":[\"https:\\\/\\\/dataconingenieria.com\\\/index.php\\\/obras\\\/\"]}]},{\"@type\":\"ImageObject\",\"inLanguage\":\"es\",\"@id\":\"https:\\\/\\\/dataconingenieria.com\\\/index.php\\\/obras\\\/#primaryimage\",\"url\":\"https:\\\/\\\/dataconingenieria.com\\\/wp-content\\\/uploads\\\/2025\\\/06\\\/Banner-4.jpg\",\"contentUrl\":\"https:\\\/\\\/dataconingenieria.com\\\/wp-content\\\/uploads\\\/2025\\\/06\\\/Banner-4.jpg\",\"width\":2128,\"height\":788},{\"@type\":\"BreadcrumbList\",\"@id\":\"https:\\\/\\\/dataconingenieria.com\\\/index.php\\\/obras\\\/#breadcrumb\",\"itemListElement\":[{\"@type\":\"ListItem\",\"position\":1,\"name\":\"Portada\",\"item\":\"https:\\\/\\\/dataconingenieria.com\\\/\"},{\"@type\":\"ListItem\",\"position\":2,\"name\":\"Proyectos\"}]},{\"@type\":\"WebSite\",\"@id\":\"https:\\\/\\\/dataconingenieria.com\\\/#website\",\"url\":\"https:\\\/\\\/dataconingenieria.com\\\/\",\"name\":\"Datacon - Ingenier\u00eda de Construcci\u00f3n\",\"description\":\"Constructora especializada en ingenier\u00eda civil\",\"publisher\":{\"@id\":\"https:\\\/\\\/dataconingenieria.com\\\/#organization\"},\"potentialAction\":[{\"@type\":\"SearchAction\",\"target\":{\"@type\":\"EntryPoint\",\"urlTemplate\":\"https:\\\/\\\/dataconingenieria.com\\\/?s={search_term_string}\"},\"query-input\":{\"@type\":\"PropertyValueSpecification\",\"valueRequired\":true,\"valueName\":\"search_term_string\"}}],\"inLanguage\":\"es\"},{\"@type\":\"Organization\",\"@id\":\"https:\\\/\\\/dataconingenieria.com\\\/#organization\",\"name\":\"Datacon - Ingenier\u00eda de Construcci\u00f3n\",\"url\":\"https:\\\/\\\/dataconingenieria.com\\\/\",\"logo\":{\"@type\":\"ImageObject\",\"inLanguage\":\"es\",\"@id\":\"https:\\\/\\\/dataconingenieria.com\\\/#\\\/schema\\\/logo\\\/image\\\/\",\"url\":\"https:\\\/\\\/dataconingenieria.com\\\/wp-content\\\/uploads\\\/2024\\\/12\\\/Logo-DATA-sin-fondo-1.png\",\"contentUrl\":\"https:\\\/\\\/dataconingenieria.com\\\/wp-content\\\/uploads\\\/2024\\\/12\\\/Logo-DATA-sin-fondo-1.png\",\"width\":250,\"height\":100,\"caption\":\"Datacon - Ingenier\u00eda de Construcci\u00f3n\"},\"image\":{\"@id\":\"https:\\\/\\\/dataconingenieria.com\\\/#\\\/schema\\\/logo\\\/image\\\/\"},\"sameAs\":[\"https:\\\/\\\/www.facebook.com\\\/profile.php?id=100008873568400\"]}]}<\/script>\n<!-- \/ Yoast SEO plugin. -->","yoast_head_json":{"title":"Obras","description":"Nos hemos dedicado a la ejecuci\u00f3n tanto de obra nueva como de reformas en viviendas, oficinas, cl\u00ednicas, escuelas, naves industriales y centros comerciales","robots":{"index":"index","follow":"follow","max-snippet":"max-snippet:-1","max-image-preview":"max-image-preview:large","max-video-preview":"max-video-preview:-1"},"canonical":"https:\/\/dataconingenieria.com\/index.php\/obras\/","og_locale":"es_ES","og_type":"article","og_title":"Obras","og_description":"Nos hemos dedicado a la ejecuci\u00f3n tanto de obra nueva como de reformas en viviendas, oficinas, cl\u00ednicas, escuelas, naves industriales y centros comerciales","og_url":"https:\/\/dataconingenieria.com\/index.php\/obras\/","og_site_name":"Datacon - Ingenier\u00eda de Construcci\u00f3n","article_publisher":"https:\/\/www.facebook.com\/profile.php?id=100008873568400","article_modified_time":"2025-06-11T07:43:53+00:00","og_image":[{"width":2128,"height":788,"url":"https:\/\/dataconingenieria.com\/wp-content\/uploads\/2025\/06\/Banner-4.jpg","type":"image\/jpeg"}],"twitter_card":"summary_large_image","twitter_misc":{"Tiempo de lectura":"2 minutos"},"schema":{"@context":"https:\/\/schema.org","@graph":[{"@type":"WebPage","@id":"https:\/\/dataconingenieria.com\/index.php\/obras\/","url":"https:\/\/dataconingenieria.com\/index.php\/obras\/","name":"Obras","isPartOf":{"@id":"https:\/\/dataconingenieria.com\/#website"},"primaryImageOfPage":{"@id":"https:\/\/dataconingenieria.com\/index.php\/obras\/#primaryimage"},"image":{"@id":"https:\/\/dataconingenieria.com\/index.php\/obras\/#primaryimage"},"thumbnailUrl":"https:\/\/dataconingenieria.com\/wp-content\/uploads\/2025\/06\/Banner-4.jpg","datePublished":"2022-08-18T09:48:25+00:00","dateModified":"2025-06-11T07:43:53+00:00","description":"Nos hemos dedicado a la ejecuci\u00f3n tanto de obra nueva como de reformas en viviendas, oficinas, cl\u00ednicas, escuelas, naves industriales y centros comerciales","breadcrumb":{"@id":"https:\/\/dataconingenieria.com\/index.php\/obras\/#breadcrumb"},"inLanguage":"es","potentialAction":[{"@type":"ReadAction","target":["https:\/\/dataconingenieria.com\/index.php\/obras\/"]}]},{"@type":"ImageObject","inLanguage":"es","@id":"https:\/\/dataconingenieria.com\/index.php\/obras\/#primaryimage","url":"https:\/\/dataconingenieria.com\/wp-content\/uploads\/2025\/06\/Banner-4.jpg","contentUrl":"https:\/\/dataconingenieria.com\/wp-content\/uploads\/2025\/06\/Banner-4.jpg","width":2128,"height":788},{"@type":"BreadcrumbList","@id":"https:\/\/dataconingenieria.com\/index.php\/obras\/#breadcrumb","itemListElement":[{"@type":"ListItem","position":1,"name":"Portada","item":"https:\/\/dataconingenieria.com\/"},{"@type":"ListItem","position":2,"name":"Proyectos"}]},{"@type":"WebSite","@id":"https:\/\/dataconingenieria.com\/#website","url":"https:\/\/dataconingenieria.com\/","name":"Datacon - Ingenier\u00eda de Construcci\u00f3n","description":"Constructora especializada en ingenier\u00eda civil","publisher":{"@id":"https:\/\/dataconingenieria.com\/#organization"},"potentialAction":[{"@type":"SearchAction","target":{"@type":"EntryPoint","urlTemplate":"https:\/\/dataconingenieria.com\/?s={search_term_string}"},"query-input":{"@type":"PropertyValueSpecification","valueRequired":true,"valueName":"search_term_string"}}],"inLanguage":"es"},{"@type":"Organization","@id":"https:\/\/dataconingenieria.com\/#organization","name":"Datacon - Ingenier\u00eda de Construcci\u00f3n","url":"https:\/\/dataconingenieria.com\/","logo":{"@type":"ImageObject","inLanguage":"es","@id":"https:\/\/dataconingenieria.com\/#\/schema\/logo\/image\/","url":"https:\/\/dataconingenieria.com\/wp-content\/uploads\/2024\/12\/Logo-DATA-sin-fondo-1.png","contentUrl":"https:\/\/dataconingenieria.com\/wp-content\/uploads\/2024\/12\/Logo-DATA-sin-fondo-1.png","width":250,"height":100,"caption":"Datacon - Ingenier\u00eda de Construcci\u00f3n"},"image":{"@id":"https:\/\/dataconingenieria.com\/#\/schema\/logo\/image\/"},"sameAs":["https:\/\/www.facebook.com\/profile.php?id=100008873568400"]}]}},"featured_media_urls":[],"_links":{"self":[{"href":"https:\/\/dataconingenieria.com\/index.php\/wp-json\/wp\/v2\/pages\/60","targetHints":{"allow":["GET"]}}],"collection":[{"href":"https:\/\/dataconingenieria.com\/index.php\/wp-json\/wp\/v2\/pages"}],"about":[{"href":"https:\/\/dataconingenieria.com\/index.php\/wp-json\/wp\/v2\/types\/page"}],"author":[{"embeddable":true,"href":"https:\/\/dataconingenieria.com\/index.php\/wp-json\/wp\/v2\/users\/1"}],"replies":[{"embeddable":true,"href":"https:\/\/dataconingenieria.com\/index.php\/wp-json\/wp\/v2\/comments?post=60"}],"version-history":[{"count":14,"href":"https:\/\/dataconingenieria.com\/index.php\/wp-json\/wp\/v2\/pages\/60\/revisions"}],"predecessor-version":[{"id":652,"href":"https:\/\/dataconingenieria.com\/index.php\/wp-json\/wp\/v2\/pages\/60\/revisions\/652"}],"wp:attachment":[{"href":"https:\/\/dataconingenieria.com\/index.php\/wp-json\/wp\/v2\/media?parent=60"}],"curies":[{"name":"wp","href":"https:\/\/api.w.org\/{rel}","templated":true}]}}