{"id":669,"date":"2025-07-01T12:53:48","date_gmt":"2025-07-01T10:53:48","guid":{"rendered":"https:\/\/dataconingenieria.com\/?page_id=669"},"modified":"2025-07-16T13:16:35","modified_gmt":"2025-07-16T11:16:35","slug":"trabaja-con-nosotros","status":"publish","type":"page","link":"https:\/\/dataconingenieria.com\/index.php\/trabaja-con-nosotros\/","title":{"rendered":"Trabaja con nosotros"},"content":{"rendered":"\n<figure class=\"wp-block-image alignfull size-full wp-duotone-unset-1\"><img fetchpriority=\"high\" decoding=\"async\" width=\"1897\" height=\"646\" src=\"https:\/\/dataconingenieria.com\/wp-content\/uploads\/2025\/06\/Banner-5-1.jpg\" alt=\"\" class=\"wp-image-673\" srcset=\"https:\/\/dataconingenieria.com\/wp-content\/uploads\/2025\/06\/Banner-5-1.jpg 1897w, https:\/\/dataconingenieria.com\/wp-content\/uploads\/2025\/06\/Banner-5-1-300x102.jpg 300w, https:\/\/dataconingenieria.com\/wp-content\/uploads\/2025\/06\/Banner-5-1-1024x349.jpg 1024w, https:\/\/dataconingenieria.com\/wp-content\/uploads\/2025\/06\/Banner-5-1-768x262.jpg 768w, https:\/\/dataconingenieria.com\/wp-content\/uploads\/2025\/06\/Banner-5-1-1536x523.jpg 1536w, https:\/\/dataconingenieria.com\/wp-content\/uploads\/2025\/06\/Banner-5-1-228x78.jpg 228w\" sizes=\"(max-width: 1897px) 100vw, 1897px\" \/><\/figure>\n\n\n\n<div style=\"height:33px\" aria-hidden=\"true\" class=\"wp-block-spacer\"><\/div>\n\n\n\n<h3 class=\"wp-block-heading\">Ofertas disponibles<\/h3>\n\n\n\n<div class=\"wp-block-columns is-layout-flex wp-container-core-columns-is-layout-28f84493 wp-block-columns-is-layout-flex\">\n<div class=\"wp-block-column is-layout-flow wp-block-column-is-layout-flow\" style=\"flex-basis:100%\">\n<ol class=\"wp-block-list\">\n<li>Oficial de 1\u00aa alba\u00f1iler\u00eda y revestimientos, con conocimientos de interpretaci\u00f3n de planos, cotas, alineaciones y nivelaciones para replanteo en edificaci\u00f3n.<\/li>\n<\/ol>\n\n\n\n<div class=\"wp-block-buttons is-layout-flex wp-block-buttons-is-layout-flex\">\n<div class=\"wp-block-button\"><a class=\"wp-block-button__link wp-element-button\" href=\"https:\/\/www.empleate.gob.es\/empleo\/#\/oferta\/1843546981\">Inscr\u00edbete haciendo clic aqu\u00ed<\/a><\/div>\n<\/div>\n<\/div>\n<\/div>\n\n\n\n<hr class=\"wp-block-separator alignwide has-alpha-channel-opacity\"\/>\n\n\n\n<form  class=\"kaliforms-form-container bootstrap-wrapper  \" data-form-id=\"23\" style=\"opacity:0\"><h3>Rellena los datos del formulario y nosotros te llamamos<\/h3><div id=\"kaliforms-global-error-message-23\" class=\"global-error-message\"><\/div><div class=\"row kali-form-field-row\"><div class=\"col-12 col-md-6 \"><label  for=\"first-name\">Nombre <span class=\"kali-required-mark\">*<\/span><\/label><input  data-internal-id=\"textbox2\" type=\"text\" id=\"first-name\" name=\"first-name\" data-properties.type=\"text\" required ><\/div><div class=\"col-12 col-md-6 \"><label  for=\"last-name\">Apellidos <span class=\"kali-required-mark\">*<\/span><\/label><input  data-internal-id=\"textbox3\" type=\"text\" id=\"last-name\" name=\"last-name\" data-properties.type=\"text\" required ><\/div><\/div><div class=\"row kali-form-field-row\"><div class=\"col-12 col-md-12 \"><label  for=\"email\">Email <span class=\"kali-required-mark\">*<\/span><\/label><input  data-internal-id=\"textbox4\" type=\"text\" id=\"email\" name=\"email\" data-properties.type=\"text\" required ><\/div><\/div><div class=\"row kali-form-field-row\"><div class=\"col-12 col-md-12 \"><label  for=\"telephone8\">Tlf. de contacto <span class=\"kali-required-mark\">*<\/span><\/label><input  data-internal-id=\"telephone8\" type=\"tel\" id=\"telephone8\" name=\"telephoneda1\"required  data-format=\"free\"  class=\"input\"><\/div><\/div><div class=\"row kali-form-field-row\"><div class=\"col-12 col-md-12 \"><label  for=\"message\">Datos de inter\u00e9s<\/label><textarea  data-internal-id=\"textarea5\" type=\"textarea\" id=\"message\" name=\"message\" placeholder=\"Cualquier informaci\u00f3n que creas necesaria, escr\u00edbela aqu\u00ed. Adjunta tu curr\u00edculum haciendo click abajo, donde pone &quot;Browse&quot;.\" rows=\"5\" class=\"input\"><\/textarea><\/div><\/div><div class=\"row kali-form-field-row\"><div class=\"col-12 col-md-12 \"><div data-internal-id=\"fileupload7\"><input  data-internal-id=\"fileupload7\" type=\"file\" id=\"fileUpload7\" name=\"Curr\u00edculum\" data-acceptedExtensions=\"image\/jpeg,image\/pjpeg,image\/jpeg,image\/pjpeg,image\/png,application\/pdf,application\/msword,application\/vnd.openxmlformats-officedocument.wordprocessingml.document,application\/mspowerpoint,application\/powerpoint,application\/vnd.ms-powerpoint,application\/,x-mspowerpoint,application\/vnd.openxmlformats-officedocument.presentationml.presentation,audio\/ogg,,audio\/wav,audio\/x-wav,video\/mp4\" instantUpload required  style=\"display:none\"><\/div><\/div><\/div><div class=\"row kali-form-field-row\"><div class=\"col-12 col-md-12 \"><input  data-internal-id=\"submitbutton6\" type=\"submit\" id=\"submit\" data-style=\"default\"  class=\"input\" value=\"Enviar curr\u00edculum\" ><\/div><\/div><!-- This form was built using Kali Forms --><\/form>\n\n\n\n<p><\/p>\n","protected":false},"excerpt":{"rendered":"<p>Ofertas disponibles<\/p>\n","protected":false},"author":1,"featured_media":0,"parent":0,"menu_order":0,"comment_status":"open","ping_status":"closed","template":"","meta":{"footnotes":""},"class_list":["post-669","page","type-page","status-publish","hentry"],"yoast_head":"<!-- This site is optimized with the Yoast SEO plugin v27.4 - https:\/\/yoast.com\/product\/yoast-seo-wordpress\/ -->\n<title>Trabaja con nosotros - Datacon - Ingenier\u00eda de Construcci\u00f3n<\/title>\n<meta name=\"robots\" content=\"index, follow, max-snippet:-1, max-image-preview:large, max-video-preview:-1\" \/>\n<link rel=\"canonical\" href=\"https:\/\/dataconingenieria.com\/index.php\/trabaja-con-nosotros\/\" \/>\n<meta property=\"og:locale\" content=\"es_ES\" \/>\n<meta property=\"og:type\" content=\"article\" \/>\n<meta property=\"og:title\" content=\"Trabaja con nosotros - Datacon - Ingenier\u00eda de Construcci\u00f3n\" \/>\n<meta property=\"og:description\" content=\"Ofertas disponibles\" \/>\n<meta property=\"og:url\" content=\"https:\/\/dataconingenieria.com\/index.php\/trabaja-con-nosotros\/\" \/>\n<meta property=\"og:site_name\" content=\"Datacon - Ingenier\u00eda de Construcci\u00f3n\" \/>\n<meta property=\"article:publisher\" content=\"https:\/\/www.facebook.com\/profile.php?id=100008873568400\" \/>\n<meta property=\"article:modified_time\" content=\"2025-07-16T11:16:35+00:00\" \/>\n<meta property=\"og:image\" content=\"https:\/\/dataconingenieria.com\/wp-content\/uploads\/2025\/06\/Banner-5-1.jpg\" \/>\n\t<meta property=\"og:image:width\" content=\"1897\" \/>\n\t<meta property=\"og:image:height\" content=\"646\" \/>\n\t<meta property=\"og:image:type\" content=\"image\/jpeg\" \/>\n<meta name=\"twitter:card\" content=\"summary_large_image\" \/>\n<meta name=\"twitter:label1\" content=\"Tiempo de lectura\" \/>\n\t<meta name=\"twitter:data1\" content=\"1 minuto\" \/>\n<script type=\"application\/ld+json\" class=\"yoast-schema-graph\">{\"@context\":\"https:\\\/\\\/schema.org\",\"@graph\":[{\"@type\":\"WebPage\",\"@id\":\"https:\\\/\\\/dataconingenieria.com\\\/index.php\\\/trabaja-con-nosotros\\\/\",\"url\":\"https:\\\/\\\/dataconingenieria.com\\\/index.php\\\/trabaja-con-nosotros\\\/\",\"name\":\"Trabaja con nosotros - Datacon - Ingenier\u00eda de Construcci\u00f3n\",\"isPartOf\":{\"@id\":\"https:\\\/\\\/dataconingenieria.com\\\/#website\"},\"primaryImageOfPage\":{\"@id\":\"https:\\\/\\\/dataconingenieria.com\\\/index.php\\\/trabaja-con-nosotros\\\/#primaryimage\"},\"image\":{\"@id\":\"https:\\\/\\\/dataconingenieria.com\\\/index.php\\\/trabaja-con-nosotros\\\/#primaryimage\"},\"thumbnailUrl\":\"https:\\\/\\\/dataconingenieria.com\\\/wp-content\\\/uploads\\\/2025\\\/06\\\/Banner-5-1.jpg\",\"datePublished\":\"2025-07-01T10:53:48+00:00\",\"dateModified\":\"2025-07-16T11:16:35+00:00\",\"breadcrumb\":{\"@id\":\"https:\\\/\\\/dataconingenieria.com\\\/index.php\\\/trabaja-con-nosotros\\\/#breadcrumb\"},\"inLanguage\":\"es\",\"potentialAction\":[{\"@type\":\"ReadAction\",\"target\":[\"https:\\\/\\\/dataconingenieria.com\\\/index.php\\\/trabaja-con-nosotros\\\/\"]}]},{\"@type\":\"ImageObject\",\"inLanguage\":\"es\",\"@id\":\"https:\\\/\\\/dataconingenieria.com\\\/index.php\\\/trabaja-con-nosotros\\\/#primaryimage\",\"url\":\"https:\\\/\\\/dataconingenieria.com\\\/wp-content\\\/uploads\\\/2025\\\/06\\\/Banner-5-1.jpg\",\"contentUrl\":\"https:\\\/\\\/dataconingenieria.com\\\/wp-content\\\/uploads\\\/2025\\\/06\\\/Banner-5-1.jpg\",\"width\":1897,\"height\":646,\"caption\":\"Portada para Facebook Black Friday Videojuegos Animado Amarillo y Rojo - 5\"},{\"@type\":\"BreadcrumbList\",\"@id\":\"https:\\\/\\\/dataconingenieria.com\\\/index.php\\\/trabaja-con-nosotros\\\/#breadcrumb\",\"itemListElement\":[{\"@type\":\"ListItem\",\"position\":1,\"name\":\"Portada\",\"item\":\"https:\\\/\\\/dataconingenieria.com\\\/\"},{\"@type\":\"ListItem\",\"position\":2,\"name\":\"Trabaja con nosotros\"}]},{\"@type\":\"WebSite\",\"@id\":\"https:\\\/\\\/dataconingenieria.com\\\/#website\",\"url\":\"https:\\\/\\\/dataconingenieria.com\\\/\",\"name\":\"Datacon - Ingenier\u00eda de Construcci\u00f3n\",\"description\":\"Constructora especializada en ingenier\u00eda civil\",\"publisher\":{\"@id\":\"https:\\\/\\\/dataconingenieria.com\\\/#organization\"},\"potentialAction\":[{\"@type\":\"SearchAction\",\"target\":{\"@type\":\"EntryPoint\",\"urlTemplate\":\"https:\\\/\\\/dataconingenieria.com\\\/?s={search_term_string}\"},\"query-input\":{\"@type\":\"PropertyValueSpecification\",\"valueRequired\":true,\"valueName\":\"search_term_string\"}}],\"inLanguage\":\"es\"},{\"@type\":\"Organization\",\"@id\":\"https:\\\/\\\/dataconingenieria.com\\\/#organization\",\"name\":\"Datacon - Ingenier\u00eda de Construcci\u00f3n\",\"url\":\"https:\\\/\\\/dataconingenieria.com\\\/\",\"logo\":{\"@type\":\"ImageObject\",\"inLanguage\":\"es\",\"@id\":\"https:\\\/\\\/dataconingenieria.com\\\/#\\\/schema\\\/logo\\\/image\\\/\",\"url\":\"https:\\\/\\\/dataconingenieria.com\\\/wp-content\\\/uploads\\\/2024\\\/12\\\/Logo-DATA-sin-fondo-1.png\",\"contentUrl\":\"https:\\\/\\\/dataconingenieria.com\\\/wp-content\\\/uploads\\\/2024\\\/12\\\/Logo-DATA-sin-fondo-1.png\",\"width\":250,\"height\":100,\"caption\":\"Datacon - Ingenier\u00eda de Construcci\u00f3n\"},\"image\":{\"@id\":\"https:\\\/\\\/dataconingenieria.com\\\/#\\\/schema\\\/logo\\\/image\\\/\"},\"sameAs\":[\"https:\\\/\\\/www.facebook.com\\\/profile.php?id=100008873568400\"]}]}<\/script>\n<!-- \/ Yoast SEO plugin. -->","yoast_head_json":{"title":"Trabaja con nosotros - Datacon - Ingenier\u00eda de Construcci\u00f3n","robots":{"index":"index","follow":"follow","max-snippet":"max-snippet:-1","max-image-preview":"max-image-preview:large","max-video-preview":"max-video-preview:-1"},"canonical":"https:\/\/dataconingenieria.com\/index.php\/trabaja-con-nosotros\/","og_locale":"es_ES","og_type":"article","og_title":"Trabaja con nosotros - Datacon - Ingenier\u00eda de Construcci\u00f3n","og_description":"Ofertas disponibles","og_url":"https:\/\/dataconingenieria.com\/index.php\/trabaja-con-nosotros\/","og_site_name":"Datacon - Ingenier\u00eda de Construcci\u00f3n","article_publisher":"https:\/\/www.facebook.com\/profile.php?id=100008873568400","article_modified_time":"2025-07-16T11:16:35+00:00","og_image":[{"width":1897,"height":646,"url":"https:\/\/dataconingenieria.com\/wp-content\/uploads\/2025\/06\/Banner-5-1.jpg","type":"image\/jpeg"}],"twitter_card":"summary_large_image","twitter_misc":{"Tiempo de lectura":"1 minuto"},"schema":{"@context":"https:\/\/schema.org","@graph":[{"@type":"WebPage","@id":"https:\/\/dataconingenieria.com\/index.php\/trabaja-con-nosotros\/","url":"https:\/\/dataconingenieria.com\/index.php\/trabaja-con-nosotros\/","name":"Trabaja con nosotros - Datacon - Ingenier\u00eda de Construcci\u00f3n","isPartOf":{"@id":"https:\/\/dataconingenieria.com\/#website"},"primaryImageOfPage":{"@id":"https:\/\/dataconingenieria.com\/index.php\/trabaja-con-nosotros\/#primaryimage"},"image":{"@id":"https:\/\/dataconingenieria.com\/index.php\/trabaja-con-nosotros\/#primaryimage"},"thumbnailUrl":"https:\/\/dataconingenieria.com\/wp-content\/uploads\/2025\/06\/Banner-5-1.jpg","datePublished":"2025-07-01T10:53:48+00:00","dateModified":"2025-07-16T11:16:35+00:00","breadcrumb":{"@id":"https:\/\/dataconingenieria.com\/index.php\/trabaja-con-nosotros\/#breadcrumb"},"inLanguage":"es","potentialAction":[{"@type":"ReadAction","target":["https:\/\/dataconingenieria.com\/index.php\/trabaja-con-nosotros\/"]}]},{"@type":"ImageObject","inLanguage":"es","@id":"https:\/\/dataconingenieria.com\/index.php\/trabaja-con-nosotros\/#primaryimage","url":"https:\/\/dataconingenieria.com\/wp-content\/uploads\/2025\/06\/Banner-5-1.jpg","contentUrl":"https:\/\/dataconingenieria.com\/wp-content\/uploads\/2025\/06\/Banner-5-1.jpg","width":1897,"height":646,"caption":"Portada para Facebook Black Friday Videojuegos Animado Amarillo y Rojo - 5"},{"@type":"BreadcrumbList","@id":"https:\/\/dataconingenieria.com\/index.php\/trabaja-con-nosotros\/#breadcrumb","itemListElement":[{"@type":"ListItem","position":1,"name":"Portada","item":"https:\/\/dataconingenieria.com\/"},{"@type":"ListItem","position":2,"name":"Trabaja con nosotros"}]},{"@type":"WebSite","@id":"https:\/\/dataconingenieria.com\/#website","url":"https:\/\/dataconingenieria.com\/","name":"Datacon - Ingenier\u00eda de Construcci\u00f3n","description":"Constructora especializada en ingenier\u00eda civil","publisher":{"@id":"https:\/\/dataconingenieria.com\/#organization"},"potentialAction":[{"@type":"SearchAction","target":{"@type":"EntryPoint","urlTemplate":"https:\/\/dataconingenieria.com\/?s={search_term_string}"},"query-input":{"@type":"PropertyValueSpecification","valueRequired":true,"valueName":"search_term_string"}}],"inLanguage":"es"},{"@type":"Organization","@id":"https:\/\/dataconingenieria.com\/#organization","name":"Datacon - Ingenier\u00eda de Construcci\u00f3n","url":"https:\/\/dataconingenieria.com\/","logo":{"@type":"ImageObject","inLanguage":"es","@id":"https:\/\/dataconingenieria.com\/#\/schema\/logo\/image\/","url":"https:\/\/dataconingenieria.com\/wp-content\/uploads\/2024\/12\/Logo-DATA-sin-fondo-1.png","contentUrl":"https:\/\/dataconingenieria.com\/wp-content\/uploads\/2024\/12\/Logo-DATA-sin-fondo-1.png","width":250,"height":100,"caption":"Datacon - Ingenier\u00eda de Construcci\u00f3n"},"image":{"@id":"https:\/\/dataconingenieria.com\/#\/schema\/logo\/image\/"},"sameAs":["https:\/\/www.facebook.com\/profile.php?id=100008873568400"]}]}},"featured_media_urls":[],"_links":{"self":[{"href":"https:\/\/dataconingenieria.com\/index.php\/wp-json\/wp\/v2\/pages\/669","targetHints":{"allow":["GET"]}}],"collection":[{"href":"https:\/\/dataconingenieria.com\/index.php\/wp-json\/wp\/v2\/pages"}],"about":[{"href":"https:\/\/dataconingenieria.com\/index.php\/wp-json\/wp\/v2\/types\/page"}],"author":[{"embeddable":true,"href":"https:\/\/dataconingenieria.com\/index.php\/wp-json\/wp\/v2\/users\/1"}],"replies":[{"embeddable":true,"href":"https:\/\/dataconingenieria.com\/index.php\/wp-json\/wp\/v2\/comments?post=669"}],"version-history":[{"count":13,"href":"https:\/\/dataconingenieria.com\/index.php\/wp-json\/wp\/v2\/pages\/669\/revisions"}],"predecessor-version":[{"id":717,"href":"https:\/\/dataconingenieria.com\/index.php\/wp-json\/wp\/v2\/pages\/669\/revisions\/717"}],"wp:attachment":[{"href":"https:\/\/dataconingenieria.com\/index.php\/wp-json\/wp\/v2\/media?parent=669"}],"curies":[{"name":"wp","href":"https:\/\/api.w.org\/{rel}","templated":true}]}}